{"id":1205,"date":"2022-04-05T05:53:00","date_gmt":"2022-04-05T05:53:00","guid":{"rendered":"https:\/\/modinatheme.com\/transland\/?page_id=1205"},"modified":"2023-08-14T11:25:57","modified_gmt":"2023-08-14T09:25:57","slug":"apn-en-bref","status":"publish","type":"page","link":"https:\/\/www.apn.cm\/en\/apn-en-bref\/","title":{"rendered":"ABOUT APN"},"content":{"rendered":"<div data-elementor-type=\"wp-page\" data-elementor-id=\"1205\" class=\"elementor elementor-1205\">\n\t\t\t\t\t\t\t\t\t<section data-marvy_enable_drop_animation=\"false\" data-marvy_enable_fancy_rotate=\"false\" data-marvy_enable_flying_object=\"false\" data-marvy_enable_ripples_animation=\"false\" data-marvy_enable_waves_animation=\"false\" data-marvy_enable_rings_animation=\"false\" data-marvy_enable_topology_animation=\"false\" data-marvy_enable_gradient_animation=\"false\" data-marvy_enable_snow_animation=\"false\" data-marvy_enable_firework_animation=\"false\" data-marvy_enable_cloud_animation=\"false\" class=\"elementor-section elementor-top-section elementor-element elementor-element-7511175 elementor-section-stretched elementor-section-boxed elementor-section-height-default elementor-section-height-default\" data-id=\"7511175\" data-element_type=\"section\" data-settings=\"{&quot;stretch_section&quot;:&quot;section-stretched&quot;,&quot;background_background&quot;:&quot;video&quot;,&quot;background_video_link&quot;:&quot;https:\\\/\\\/www.apn.cm\\\/wp-content\\\/uploads\\\/2023\\\/06\\\/Editeur-Wix-My-Site_2.mp4&quot;}\">\n\t\t\t\t\t\t\t\t<div class=\"elementor-background-video-container elementor-hidden-phone\">\n\t\t\t\t\t\t\t\t\t\t\t\t\t<video class=\"elementor-background-video-hosted elementor-html5-video\" autoplay muted playsinline loop><\/video>\n\t\t\t\t\t\t\t\t\t\t\t<\/div>\n\t\t\t\t\t\t\t\t<div class=\"elementor-container elementor-column-gap-default\">\n\t\t\t\t\t<div class=\"elementor-column elementor-col-100 elementor-top-column elementor-element elementor-element-1515553\" data-id=\"1515553\" data-element_type=\"column\">\n\t\t\t<div class=\"elementor-widget-wrap elementor-element-populated\">\n\t\t\t\t\t\t\t\t<div class=\"elementor-element elementor-element-25ba7a1 animated-slow elementor-invisible elementor-widget elementor-widget-modina_section_title\" data-id=\"25ba7a1\" data-element_type=\"widget\" data-settings=\"{&quot;_animation&quot;:&quot;zoomIn&quot;}\" data-widget_type=\"modina_section_title.default\">\n\t\t\t\t<div class=\"elementor-widget-container\">\n\t\t\t\r\n        <div class=\"block-contents text-start\">\r\n        <div class=\"section-title\">\r\n            <h5 class=\"text-start\">Presentation<\/h5>\r\n            <span>From 1998<\/span>\r\n            <h2>APN <span>APN<\/span><\/h2>\r\n        <\/div>\r\n            <\/div>\r\n    \r\n    \t\t<\/div>\n\t\t\t\t<\/div>\n\t\t\t\t<section data-marvy_enable_drop_animation=\"false\" data-marvy_enable_fancy_rotate=\"false\" data-marvy_enable_flying_object=\"false\" data-marvy_enable_ripples_animation=\"false\" data-marvy_enable_waves_animation=\"false\" data-marvy_enable_rings_animation=\"false\" data-marvy_enable_topology_animation=\"false\" data-marvy_enable_gradient_animation=\"false\" data-marvy_enable_snow_animation=\"false\" data-marvy_enable_firework_animation=\"false\" data-marvy_enable_cloud_animation=\"false\" class=\"elementor-section elementor-inner-section elementor-element elementor-element-89a2cb7 about-content elementor-section-full_width elementor-section-height-default elementor-section-height-default\" data-id=\"89a2cb7\" data-element_type=\"section\" data-settings=\"{&quot;background_background&quot;:&quot;classic&quot;}\">\n\t\t\t\t\t\t<div class=\"elementor-container elementor-column-gap-no\">\n\t\t\t\t\t<div class=\"elementor-column elementor-col-100 elementor-inner-column elementor-element elementor-element-3c38eb2\" data-id=\"3c38eb2\" data-element_type=\"column\">\n\t\t\t<div class=\"elementor-widget-wrap elementor-element-populated\">\n\t\t\t\t\t\t\t\t<div class=\"elementor-element elementor-element-742db38 elementor-widget elementor-widget-text-editor\" data-id=\"742db38\" data-element_type=\"widget\" data-widget_type=\"text-editor.default\">\n\t\t\t\t<div class=\"elementor-widget-container\">\n\t\t\t<style>\/*! elementor - v3.15.0 - 09-08-2023 *\/\n.elementor-widget-text-editor.elementor-drop-cap-view-stacked .elementor-drop-cap{background-color:#69727d;color:#fff}.elementor-widget-text-editor.elementor-drop-cap-view-framed .elementor-drop-cap{color:#69727d;border:3px solid;background-color:transparent}.elementor-widget-text-editor:not(.elementor-drop-cap-view-default) .elementor-drop-cap{margin-top:8px}.elementor-widget-text-editor:not(.elementor-drop-cap-view-default) .elementor-drop-cap-letter{width:1em;height:1em}.elementor-widget-text-editor .elementor-drop-cap{float:left;text-align:center;line-height:1;font-size:50px}.elementor-widget-text-editor .elementor-drop-cap-letter{display:inline-block}<\/style>\t\t\t\tThe National Ports Authority (APN), a public administrative and technical body with legal personality and financial autonomy, was created by the French law\u00a0\u00a0<strong style=\"color: #00599F\">n\u00b0 98\/021 of December 24, 1998\u00a0\u00a0<\/strong>on the organization of the port sector in Cameroon and organized by Decree\u00a0<strong style=\"color: #00599F\">n\u00b099\/126 of June 15, 1999<\/strong>modified by Decree\u00a0\u00a0<strong style=\"color: #00599F\">n\u00b0 2019\/172 of 05th of April 2019<\/strong>\n\n<br><br>As the State's secular arm for the implementation of Cameroon's national port policy, and the linchpin for the coordination and monitoring of port activities, the APN plays a very important role in the process of building an emerging Cameroon by 2035, through the enhancement and promotion of the Cameroonian port area.\t\t\t\t\t\t<\/div>\n\t\t\t\t<\/div>\n\t\t\t\t<div class=\"elementor-element elementor-element-b93efee elementor-widget__width-initial elementor-widget elementor-widget-image\" data-id=\"b93efee\" data-element_type=\"widget\" data-widget_type=\"image.default\">\n\t\t\t\t<div class=\"elementor-widget-container\">\n\t\t\t<style>\/*! elementor - v3.15.0 - 09-08-2023 *\/\n.elementor-widget-image{text-align:center}.elementor-widget-image a{display:inline-block}.elementor-widget-image a img[src$=\".svg\"]{width:48px}.elementor-widget-image img{vertical-align:middle;display:inline-block}<\/style>\t\t\t\t\t\t\t\t\t\t\t\t<img decoding=\"async\" width=\"1024\" height=\"342\" src=\"https:\/\/www.apn.cm\/wp-content\/uploads\/2023\/06\/Diapo-3-1024x342.jpg\" class=\"attachment-large size-large wp-image-3581\" alt=\"\" srcset=\"https:\/\/www.apn.cm\/wp-content\/uploads\/2023\/06\/Diapo-3-1024x342.jpg 1024w, https:\/\/www.apn.cm\/wp-content\/uploads\/2023\/06\/Diapo-3-300x100.jpg 300w, https:\/\/www.apn.cm\/wp-content\/uploads\/2023\/06\/Diapo-3-768x257.jpg 768w, https:\/\/www.apn.cm\/wp-content\/uploads\/2023\/06\/Diapo-3-1536x514.jpg 1536w, https:\/\/www.apn.cm\/wp-content\/uploads\/2023\/06\/Diapo-3-2048x685.jpg 2048w, https:\/\/www.apn.cm\/wp-content\/uploads\/2023\/06\/Diapo-3-18x6.jpg 18w\" sizes=\"(max-width: 1024px) 100vw, 1024px\" \/>\t\t\t\t\t\t\t\t\t\t\t\t\t\t\t<\/div>\n\t\t\t\t<\/div>\n\t\t\t\t\t<\/div>\n\t\t<\/div>\n\t\t\t\t\t\t\t<\/div>\n\t\t<\/section>\n\t\t\t\t\t<\/div>\n\t\t<\/div>\n\t\t\t\t\t\t\t<\/div>\n\t\t<\/section>\n\t\t\t\t<section data-marvy_enable_drop_animation=\"false\" data-marvy_enable_fancy_rotate=\"false\" data-marvy_enable_flying_object=\"false\" data-marvy_enable_ripples_animation=\"false\" data-marvy_enable_waves_animation=\"false\" data-marvy_enable_rings_animation=\"false\" data-marvy_enable_topology_animation=\"false\" data-marvy_enable_gradient_animation=\"false\" data-marvy_enable_snow_animation=\"false\" data-marvy_enable_firework_animation=\"false\" data-marvy_enable_cloud_animation=\"false\" class=\"elementor-section elementor-top-section elementor-element elementor-element-372b405 elementor-section-stretched elementor-section-boxed elementor-section-height-default elementor-section-height-default\" data-id=\"372b405\" data-element_type=\"section\" data-settings=\"{&quot;background_background&quot;:&quot;classic&quot;,&quot;stretch_section&quot;:&quot;section-stretched&quot;}\">\n\t\t\t\t\t\t<div class=\"elementor-container elementor-column-gap-default\">\n\t\t\t\t\t<div class=\"elementor-column elementor-col-100 elementor-top-column elementor-element elementor-element-27438ad\" data-id=\"27438ad\" data-element_type=\"column\">\n\t\t\t<div class=\"elementor-widget-wrap elementor-element-populated\">\n\t\t\t\t\t\t\t\t<div class=\"elementor-element elementor-element-04f82dd elementor-widget elementor-widget-modina_section_title\" data-id=\"04f82dd\" data-element_type=\"widget\" data-widget_type=\"modina_section_title.default\">\n\t\t\t\t<div class=\"elementor-widget-container\">\n\t\t\t\r\n        <div class=\"block-contents text-center\">\r\n        <div class=\"section-title\">\r\n            <h5 class=\"text-center\">Role<\/h5>\r\n            <span>Our Role<\/span>\r\n            <h2> <span>What we do every day<span><\/h2>\r\n        <\/div>\r\n            <\/div>\r\n    \r\n    \t\t<\/div>\n\t\t\t\t<\/div>\n\t\t\t\t<div class=\"elementor-element elementor-element-7e68f9b elementor-invisible elementor-widget elementor-widget-modina_service_card\" data-id=\"7e68f9b\" data-element_type=\"widget\" data-settings=\"{&quot;_animation&quot;:&quot;fadeIn&quot;}\" data-widget_type=\"modina_service_card.default\">\n\t\t\t\t<div class=\"elementor-widget-container\">\n\t\t\t\r\n    <div class=\"row text-center\">\r\n     \r\n        <div class=\"col-xl-4 col-md-6 col-12\">\r\n            <div class=\"single-our-service\">\r\n                <div class=\"thumb bg-cover\" style=\"background-image: url('https:\/\/www.apn.cm\/wp-content\/uploads\/2023\/05\/apn-apropos-1-1.jpg')\"><\/div>\r\n                <div class=\"content\">\r\n                                                            <h3><a href=\"#\">Visibility<\/a><\/h3>\r\n                                                            <p>Ensure, through development planning, a visibility of the national port sector <\/p>\r\n                                    <\/div>\r\n            <\/div>\r\n        <\/div>\r\n         \r\n        <div class=\"col-xl-4 col-md-6 col-12\">\r\n            <div class=\"single-our-service\">\r\n                <div class=\"thumb bg-cover\" style=\"background-image: url('https:\/\/www.apn.cm\/wp-content\/uploads\/2023\/05\/apn-apropos-6-1.jpg')\"><\/div>\r\n                <div class=\"content\">\r\n                                                            <h3><a href=\"#\">How it works<\/a><\/h3>\r\n                                                            <p>Ensure, through planning, the consistency of achievements in the port sector, according to the national and international environment ; <\/p>\r\n                                    <\/div>\r\n            <\/div>\r\n        <\/div>\r\n         \r\n        <div class=\"col-xl-4 col-md-6 col-12\">\r\n            <div class=\"single-our-service\">\r\n                <div class=\"thumb bg-cover\" style=\"background-image: url('https:\/\/www.apn.cm\/wp-content\/uploads\/2023\/05\/apn-apropos-5-scaled.jpg')\"><\/div>\r\n                <div class=\"content\">\r\n                                                            <h3><a href=\"#\">Improve the competitiveness of the national port sector by reducing costs and port transit time<\/a><\/h3>\r\n                                                            <p>Improve the competitiveness of the port sector by minimizing costs and port transit times<\/p>\r\n                                    <\/div>\r\n            <\/div>\r\n        <\/div>\r\n            <\/div>\r\n\r\n    \t\t<\/div>\n\t\t\t\t<\/div>\n\t\t\t\t<section data-marvy_enable_drop_animation=\"false\" data-marvy_enable_fancy_rotate=\"false\" data-marvy_enable_flying_object=\"false\" data-marvy_enable_ripples_animation=\"false\" data-marvy_enable_waves_animation=\"false\" data-marvy_enable_rings_animation=\"false\" data-marvy_enable_topology_animation=\"false\" data-marvy_enable_gradient_animation=\"false\" data-marvy_enable_snow_animation=\"false\" data-marvy_enable_firework_animation=\"false\" data-marvy_enable_cloud_animation=\"false\" class=\"elementor-section elementor-inner-section elementor-element elementor-element-8b00f53 elementor-section-full_width elementor-section-height-default elementor-section-height-default\" data-id=\"8b00f53\" data-element_type=\"section\">\n\t\t\t\t\t\t<div class=\"elementor-container elementor-column-gap-default\">\n\t\t\t\t\t<div class=\"elementor-column elementor-col-100 elementor-inner-column elementor-element elementor-element-6dce671\" data-id=\"6dce671\" data-element_type=\"column\">\n\t\t\t<div class=\"elementor-widget-wrap\">\n\t\t\t\t\t\t\t\t\t<\/div>\n\t\t<\/div>\n\t\t\t\t\t\t\t<\/div>\n\t\t<\/section>\n\t\t\t\t\t<\/div>\n\t\t<\/div>\n\t\t\t\t\t\t\t<\/div>\n\t\t<\/section>\n\t\t\t\t<section data-marvy_enable_drop_animation=\"false\" data-marvy_enable_fancy_rotate=\"false\" data-marvy_enable_flying_object=\"false\" data-marvy_enable_ripples_animation=\"false\" data-marvy_enable_waves_animation=\"false\" data-marvy_enable_rings_animation=\"false\" data-marvy_enable_topology_animation=\"false\" data-marvy_enable_gradient_animation=\"false\" data-marvy_enable_snow_animation=\"false\" data-marvy_enable_firework_animation=\"false\" data-marvy_enable_cloud_animation=\"false\" class=\"elementor-section elementor-top-section elementor-element elementor-element-6162e13 elementor-section-boxed elementor-section-height-default elementor-section-height-default\" data-id=\"6162e13\" data-element_type=\"section\" data-settings=\"{&quot;background_background&quot;:&quot;classic&quot;}\">\n\t\t\t\t\t\t\t<div class=\"elementor-background-overlay\"><\/div>\n\t\t\t\t\t\t\t<div class=\"elementor-container elementor-column-gap-default\">\n\t\t\t\t\t<div class=\"elementor-column elementor-col-100 elementor-top-column elementor-element elementor-element-6a27598\" data-id=\"6a27598\" data-element_type=\"column\">\n\t\t\t<div class=\"elementor-widget-wrap elementor-element-populated\">\n\t\t\t\t\t\t\t\t<div class=\"elementor-element elementor-element-8f4325f elementor-widget elementor-widget-heading\" data-id=\"8f4325f\" data-element_type=\"widget\" data-widget_type=\"heading.default\">\n\t\t\t\t<div class=\"elementor-widget-container\">\n\t\t\t<style>\/*! elementor - v3.15.0 - 09-08-2023 *\/\n.elementor-heading-title{padding:0;margin:0;line-height:1}.elementor-widget-heading .elementor-heading-title[class*=elementor-size-]>a{color:inherit;font-size:inherit;line-height:inherit}.elementor-widget-heading .elementor-heading-title.elementor-size-small{font-size:15px}.elementor-widget-heading .elementor-heading-title.elementor-size-medium{font-size:19px}.elementor-widget-heading .elementor-heading-title.elementor-size-large{font-size:29px}.elementor-widget-heading .elementor-heading-title.elementor-size-xl{font-size:39px}.elementor-widget-heading .elementor-heading-title.elementor-size-xxl{font-size:59px}<\/style><h4 class=\"elementor-heading-title elementor-size-default\"> APN.... For an ever more dynamic, competitive and secure port sector.\n<\/h4>\t\t<\/div>\n\t\t\t\t<\/div>\n\t\t\t\t<div class=\"elementor-element elementor-element-baad0c5 elementor-align-center elementor-widget elementor-widget-button\" data-id=\"baad0c5\" data-element_type=\"widget\" data-widget_type=\"button.default\">\n\t\t\t\t<div class=\"elementor-widget-container\">\n\t\t\t\t\t<div class=\"elementor-button-wrapper\">\n\t\t\t<a class=\"elementor-button elementor-button-link elementor-size-lg\" href=\"https:\/\/dev.apn.servoo.org\/contact\/\" target=\"_blank\" rel=\"noopener\">\n\t\t\t\t\t\t<span class=\"elementor-button-content-wrapper\">\n\t\t\t\t\t\t<span class=\"elementor-button-text\">Contact us<\/span>\n\t\t<\/span>\n\t\t\t\t\t<\/a>\n\t\t<\/div>\n\t\t\t\t<\/div>\n\t\t\t\t<\/div>\n\t\t\t\t\t<\/div>\n\t\t<\/div>\n\t\t\t\t\t\t\t<\/div>\n\t\t<\/section>\n\t\t\t\t\t\t\t<\/div>","protected":false},"excerpt":{"rendered":"<p>Pr\u00e9sentation Depuis 1998 APN EN BREF Etablissement Public \u00e0 caract\u00e8re Administratif et Technique, dot\u00e9 de la \u00a0 personnalit\u00e9 juridique et\u00a0 de l\u2019autonomie financi\u00e8re, l\u2019Autorit\u00e9 Portuaire Nationale (APN) a \u00e9t\u00e9 cr\u00e9\u00e9e\u00a0 par\u00a0 la\u00a0 Loi\u00a0\u00a0n\u00b0 98\/021 du 24 d\u00e9cembre 1998\u00a0\u00a0portant organisation du secteur portuaire du\u00a0 Cameroun et\u00a0 organis\u00e9e par le\u00a0 D\u00e9cret\u00a0n\u00b099\/126 du 15 juin 1999, modifi\u00e9 par [&hellip;]<\/p>","protected":false},"author":1,"featured_media":4430,"parent":0,"menu_order":0,"comment_status":"closed","ping_status":"closed","template":"elementor_header_footer","meta":{"_mi_skip_tracking":false,"_monsterinsights_sitenote_active":false,"_monsterinsights_sitenote_note":"","_monsterinsights_sitenote_category":0,"footnotes":""},"class_list":["post-1205","page","type-page","status-publish","has-post-thumbnail","hentry"],"acf":[],"_links":{"self":[{"href":"https:\/\/www.apn.cm\/en\/wp-json\/wp\/v2\/pages\/1205","targetHints":{"allow":["GET"]}}],"collection":[{"href":"https:\/\/www.apn.cm\/en\/wp-json\/wp\/v2\/pages"}],"about":[{"href":"https:\/\/www.apn.cm\/en\/wp-json\/wp\/v2\/types\/page"}],"author":[{"embeddable":true,"href":"https:\/\/www.apn.cm\/en\/wp-json\/wp\/v2\/users\/1"}],"replies":[{"embeddable":true,"href":"https:\/\/www.apn.cm\/en\/wp-json\/wp\/v2\/comments?post=1205"}],"version-history":[{"count":3,"href":"https:\/\/www.apn.cm\/en\/wp-json\/wp\/v2\/pages\/1205\/revisions"}],"predecessor-version":[{"id":5944,"href":"https:\/\/www.apn.cm\/en\/wp-json\/wp\/v2\/pages\/1205\/revisions\/5944"}],"wp:featuredmedia":[{"embeddable":true,"href":"https:\/\/www.apn.cm\/en\/wp-json\/wp\/v2\/media\/4430"}],"wp:attachment":[{"href":"https:\/\/www.apn.cm\/en\/wp-json\/wp\/v2\/media?parent=1205"}],"curies":[{"name":"wp","href":"https:\/\/api.w.org\/{rel}","templated":true}]}}