{"id":2373,"date":"2023-05-16T12:10:12","date_gmt":"2023-05-16T10:10:12","guid":{"rendered":"https:\/\/apn.cm\/?page_id=2373"},"modified":"2023-05-16T21:12:54","modified_gmt":"2023-05-16T19:12:54","slug":"presentation","status":"publish","type":"page","link":"https:\/\/www.apn.cm\/en\/presentation\/","title":{"rendered":"Presentation"},"content":{"rendered":"<div data-elementor-type=\"wp-page\" data-elementor-id=\"2373\" class=\"elementor elementor-2373\">\n\t\t\t\t\t\t\t\t\t<section data-marvy_enable_drop_animation=\"false\" data-marvy_enable_fancy_rotate=\"false\" data-marvy_enable_flying_object=\"false\" data-marvy_enable_ripples_animation=\"false\" data-marvy_enable_waves_animation=\"false\" data-marvy_enable_rings_animation=\"false\" data-marvy_enable_topology_animation=\"false\" data-marvy_enable_gradient_animation=\"false\" data-marvy_enable_snow_animation=\"false\" data-marvy_enable_firework_animation=\"false\" data-marvy_enable_cloud_animation=\"false\" class=\"elementor-section elementor-top-section elementor-element elementor-element-46f508e elementor-section-boxed elementor-section-height-default elementor-section-height-default\" data-id=\"46f508e\" data-element_type=\"section\">\n\t\t\t\t\t\t<div class=\"elementor-container elementor-column-gap-default\">\n\t\t\t\t\t<div class=\"elementor-column elementor-col-100 elementor-top-column elementor-element elementor-element-38e65c5\" data-id=\"38e65c5\" data-element_type=\"column\">\n\t\t\t<div class=\"elementor-widget-wrap elementor-element-populated\">\n\t\t\t\t\t\t\t\t<section data-marvy_enable_drop_animation=\"false\" data-marvy_enable_fancy_rotate=\"false\" data-marvy_enable_flying_object=\"false\" data-marvy_enable_ripples_animation=\"false\" data-marvy_enable_waves_animation=\"false\" data-marvy_enable_rings_animation=\"false\" data-marvy_enable_topology_animation=\"false\" data-marvy_enable_gradient_animation=\"false\" data-marvy_enable_snow_animation=\"false\" data-marvy_enable_firework_animation=\"false\" data-marvy_enable_cloud_animation=\"false\" class=\"elementor-section elementor-inner-section elementor-element elementor-element-474fc04 elementor-section-boxed elementor-section-height-default elementor-section-height-default\" data-id=\"474fc04\" data-element_type=\"section\">\n\t\t\t\t\t\t<div class=\"elementor-container elementor-column-gap-default\">\n\t\t\t\t\t<div class=\"elementor-column elementor-col-50 elementor-inner-column elementor-element elementor-element-61832af\" data-id=\"61832af\" data-element_type=\"column\">\n\t\t\t<div class=\"elementor-widget-wrap elementor-element-populated\">\n\t\t\t\t\t\t\t\t<div class=\"elementor-element elementor-element-419ae86 elementor-widget elementor-widget-image\" data-id=\"419ae86\" data-element_type=\"widget\" data-widget_type=\"image.default\">\n\t\t\t\t<div class=\"elementor-widget-container\">\n\t\t\t<style>\/*! elementor - v3.15.0 - 09-08-2023 *\/\n.elementor-widget-image{text-align:center}.elementor-widget-image a{display:inline-block}.elementor-widget-image a img[src$=\".svg\"]{width:48px}.elementor-widget-image img{vertical-align:middle;display:inline-block}<\/style>\t\t\t\t\t\t\t\t\t\t\t\t<img decoding=\"async\" width=\"657\" height=\"700\" src=\"https:\/\/www.apn.cm\/wp-content\/uploads\/2022\/06\/service-t1.jpg\" class=\"attachment-large size-large wp-image-1765\" alt=\"\" srcset=\"https:\/\/www.apn.cm\/wp-content\/uploads\/2022\/06\/service-t1.jpg 657w, https:\/\/www.apn.cm\/wp-content\/uploads\/2022\/06\/service-t1-600x639.jpg 600w, https:\/\/www.apn.cm\/wp-content\/uploads\/2022\/06\/service-t1-282x300.jpg 282w\" sizes=\"(max-width: 657px) 100vw, 657px\" \/>\t\t\t\t\t\t\t\t\t\t\t\t\t\t\t<\/div>\n\t\t\t\t<\/div>\n\t\t\t\t\t<\/div>\n\t\t<\/div>\n\t\t\t\t<div class=\"elementor-column elementor-col-50 elementor-inner-column elementor-element elementor-element-88967d4\" data-id=\"88967d4\" data-element_type=\"column\">\n\t\t\t<div class=\"elementor-widget-wrap elementor-element-populated\">\n\t\t\t\t\t\t\t\t<div class=\"elementor-element elementor-element-5b770b7 elementor-widget elementor-widget-modina_section_title\" data-id=\"5b770b7\" data-element_type=\"widget\" data-widget_type=\"modina_section_title.default\">\n\t\t\t\t<div class=\"elementor-widget-container\">\n\t\t\t\r\n        <div class=\"block-contents text-start\">\r\n        <div class=\"section-title\">\r\n            <h5 class=\"text-start\">Presentation<\/h5>\r\n            <span>From 1998<\/span>\r\n            <h2>National Ports Authority<span><\/span><\/h2>\r\n        <\/div>\r\n            <\/div>\r\n    \r\n    \t\t<\/div>\n\t\t\t\t<\/div>\n\t\t\t\t<div class=\"elementor-element elementor-element-ae71300 elementor-widget elementor-widget-text-editor\" data-id=\"ae71300\" data-element_type=\"widget\" data-widget_type=\"text-editor.default\">\n\t\t\t\t<div class=\"elementor-widget-container\">\n\t\t\t<style>\/*! elementor - v3.15.0 - 09-08-2023 *\/\n.elementor-widget-text-editor.elementor-drop-cap-view-stacked .elementor-drop-cap{background-color:#69727d;color:#fff}.elementor-widget-text-editor.elementor-drop-cap-view-framed .elementor-drop-cap{color:#69727d;border:3px solid;background-color:transparent}.elementor-widget-text-editor:not(.elementor-drop-cap-view-default) .elementor-drop-cap{margin-top:8px}.elementor-widget-text-editor:not(.elementor-drop-cap-view-default) .elementor-drop-cap-letter{width:1em;height:1em}.elementor-widget-text-editor .elementor-drop-cap{float:left;text-align:center;line-height:1;font-size:50px}.elementor-widget-text-editor .elementor-drop-cap-letter{display:inline-block}<\/style>\t\t\t\t<p>&nbsp;A public administrative body with legal personality and financial autonomy, the National Port Authority (APN) was created by law no. 98\/021 of December 24, 1998 and its implementing decree no. 99\/126 of June 15, 1999. It is a technical body attached to the government for the implementation of port policy in Cameroon. A linchpin in the coordination and monitoring of port activities, the APN plays an important role in the process of building an emerging Cameroon by 2035, through the enhancement and promotion of the port area in Cameroon.<\/p>\t\t\t\t\t\t<\/div>\n\t\t\t\t<\/div>\n\t\t\t\t\t<\/div>\n\t\t<\/div>\n\t\t\t\t\t\t\t<\/div>\n\t\t<\/section>\n\t\t\t\t\t<\/div>\n\t\t<\/div>\n\t\t\t\t\t\t\t<\/div>\n\t\t<\/section>\n\t\t\t\t<section data-marvy_enable_drop_animation=\"false\" data-marvy_enable_fancy_rotate=\"false\" data-marvy_enable_flying_object=\"false\" data-marvy_enable_ripples_animation=\"false\" data-marvy_enable_waves_animation=\"false\" data-marvy_enable_rings_animation=\"false\" data-marvy_enable_topology_animation=\"false\" data-marvy_enable_gradient_animation=\"false\" data-marvy_enable_snow_animation=\"false\" data-marvy_enable_firework_animation=\"false\" data-marvy_enable_cloud_animation=\"false\" class=\"elementor-section elementor-top-section elementor-element elementor-element-2df41ea elementor-section-boxed elementor-section-height-default elementor-section-height-default\" data-id=\"2df41ea\" data-element_type=\"section\">\n\t\t\t\t\t\t<div class=\"elementor-container elementor-column-gap-default\">\n\t\t\t\t\t<div class=\"elementor-column elementor-col-100 elementor-top-column elementor-element elementor-element-f27d9a4\" data-id=\"f27d9a4\" data-element_type=\"column\">\n\t\t\t<div class=\"elementor-widget-wrap elementor-element-populated\">\n\t\t\t\t\t\t\t\t<div class=\"elementor-element elementor-element-bf31a71 elementor-widget elementor-widget-modina_section_title\" data-id=\"bf31a71\" data-element_type=\"widget\" data-widget_type=\"modina_section_title.default\">\n\t\t\t\t<div class=\"elementor-widget-container\">\n\t\t\t\r\n        <div class=\"block-contents text-start\">\r\n        <div class=\"section-title\">\r\n            <h5 class=\"text-start\">Organizational Chart<\/h5>\r\n            <span>From 1998<\/span>\r\n            <h2>Organizational Chart<\/h2>\r\n        <\/div>\r\n            <\/div>\r\n    \r\n    \t\t<\/div>\n\t\t\t\t<\/div>\n\t\t\t\t<div class=\"elementor-element elementor-element-4767d4e elementor-widget elementor-widget-image\" data-id=\"4767d4e\" data-element_type=\"widget\" data-widget_type=\"image.default\">\n\t\t\t\t<div class=\"elementor-widget-container\">\n\t\t\t\t\t\t\t\t\t\t\t\t\t\t\t\t<a href=\"https:\/\/dev.apn.servoo.org\/wp-content\/uploads\/2023\/05\/Capture2.jpg\" target=\"_blank\" rel=\"noopener\">\n\t\t\t\t\t\t\t<img decoding=\"async\" width=\"705\" height=\"565\" src=\"https:\/\/www.apn.cm\/wp-content\/uploads\/2023\/05\/Capture2.jpg\" class=\"attachment-large size-large wp-image-2420\" alt=\"Organigramme APN\" srcset=\"https:\/\/www.apn.cm\/wp-content\/uploads\/2023\/05\/Capture2.jpg 705w, https:\/\/www.apn.cm\/wp-content\/uploads\/2023\/05\/Capture2-300x240.jpg 300w\" sizes=\"(max-width: 705px) 100vw, 705px\" \/>\t\t\t\t\t\t\t\t<\/a>\n\t\t\t\t\t\t\t\t\t\t\t\t\t\t\t<\/div>\n\t\t\t\t<\/div>\n\t\t\t\t\t<\/div>\n\t\t<\/div>\n\t\t\t\t\t\t\t<\/div>\n\t\t<\/section>\n\t\t\t\t\t\t\t<\/div>","protected":false},"excerpt":{"rendered":"<p>Pr\u00e9sentation Depuis 1998 Autorit\u00e9 Portuaire Nationale &nbsp;Etablissement Public Administratif dot\u00e9 de la personnalit\u00e9 juridique et l\u2019autonomie financi\u00e8re, l\u2019Autorit\u00e9 Portuaire Nationale (APN) a \u00e9t\u00e9 cr\u00e9\u00e9e par la loi n\u00b0 98\/021 du 24 d\u00e9cembre 1998 en son d\u00e9cret d\u2019application n\u00b0 99\/126 du 15 juin 1999. C\u2019est un organe technique plac\u00e9 aupr\u00e8s du gouvernement pour la mise en [&hellip;]<\/p>","protected":false},"author":1,"featured_media":0,"parent":0,"menu_order":0,"comment_status":"closed","ping_status":"closed","template":"elementor_canvas","meta":{"_mi_skip_tracking":false,"_monsterinsights_sitenote_active":false,"_monsterinsights_sitenote_note":"","_monsterinsights_sitenote_category":0,"footnotes":""},"class_list":["post-2373","page","type-page","status-publish","hentry"],"acf":[],"_links":{"self":[{"href":"https:\/\/www.apn.cm\/en\/wp-json\/wp\/v2\/pages\/2373","targetHints":{"allow":["GET"]}}],"collection":[{"href":"https:\/\/www.apn.cm\/en\/wp-json\/wp\/v2\/pages"}],"about":[{"href":"https:\/\/www.apn.cm\/en\/wp-json\/wp\/v2\/types\/page"}],"author":[{"embeddable":true,"href":"https:\/\/www.apn.cm\/en\/wp-json\/wp\/v2\/users\/1"}],"replies":[{"embeddable":true,"href":"https:\/\/www.apn.cm\/en\/wp-json\/wp\/v2\/comments?post=2373"}],"version-history":[{"count":0,"href":"https:\/\/www.apn.cm\/en\/wp-json\/wp\/v2\/pages\/2373\/revisions"}],"wp:attachment":[{"href":"https:\/\/www.apn.cm\/en\/wp-json\/wp\/v2\/media?parent=2373"}],"curies":[{"name":"wp","href":"https:\/\/api.w.org\/{rel}","templated":true}]}}