{"id":3306,"date":"2023-05-26T22:57:37","date_gmt":"2023-05-26T20:57:37","guid":{"rendered":"https:\/\/apn.cm\/?page_id=3306"},"modified":"2026-03-06T10:49:22","modified_gmt":"2026-03-06T09:49:22","slug":"videos","status":"publish","type":"page","link":"https:\/\/www.apn.cm\/en\/videos\/","title":{"rendered":"VIDEOS"},"content":{"rendered":"<div data-elementor-type=\"wp-page\" data-elementor-id=\"3306\" class=\"elementor elementor-3306\">\n\t\t\t\t\t\t\t\t\t<section data-marvy_enable_drop_animation=\"false\" data-marvy_enable_fancy_rotate=\"false\" data-marvy_enable_flying_object=\"false\" data-marvy_enable_ripples_animation=\"false\" data-marvy_enable_waves_animation=\"false\" data-marvy_enable_rings_animation=\"false\" data-marvy_enable_topology_animation=\"false\" data-marvy_enable_gradient_animation=\"false\" data-marvy_enable_snow_animation=\"false\" data-marvy_enable_firework_animation=\"false\" data-marvy_enable_cloud_animation=\"false\" class=\"elementor-section elementor-top-section elementor-element elementor-element-a920d67 elementor-section-stretched elementor-section-boxed elementor-section-height-default elementor-section-height-default\" data-id=\"a920d67\" data-element_type=\"section\" data-settings=\"{&quot;stretch_section&quot;:&quot;section-stretched&quot;}\">\n\t\t\t\t\t\t<div class=\"elementor-container elementor-column-gap-default\">\n\t\t\t\t\t<div class=\"elementor-column elementor-col-100 elementor-top-column elementor-element elementor-element-ac940bb\" data-id=\"ac940bb\" data-element_type=\"column\">\n\t\t\t<div class=\"elementor-widget-wrap elementor-element-populated\">\n\t\t\t\t\t\t\t\t<div class=\"elementor-element elementor-element-2fd0d64 eael-fg-card-content-align-left elementor-widget elementor-widget-eael-filterable-gallery\" data-id=\"2fd0d64\" data-element_type=\"widget\" data-settings=\"{&quot;photo_gallery&quot;:&quot;yes&quot;,&quot;pagination&quot;:&quot;false&quot;}\" data-widget_type=\"eael-filterable-gallery.default\">\n\t\t\t\t<div class=\"elementor-widget-container\">\n\t\t\t<style id=\"eael-fg-inline-css-2fd0d64\">@media only screen and (max-width: 2399px) {\n\t\t\t\t\t.elementor-element.elementor-element-2fd0d64 .eael-filterable-gallery-item-wrap {\n\t\t\t\t\t        width: 50%;\n\t\t\t\t\t    }\n\t\t\t\t\t}@media only screen and (max-width: 1024px) {\n\t\t\t\t\t.elementor-element.elementor-element-2fd0d64  .eael-filterable-gallery-item-wrap {\n\t\t\t\t\t        width: 50%;\n\t\t\t\t\t    }\n\t\t\t\t\t}@media only screen and (max-width: 767px) {\n\t\t\t\t\t.elementor-element.elementor-element-2fd0d64  .eael-filterable-gallery-item-wrap {\n\t\t\t\t\t        width: 100%;\n\t\t\t\t\t    }\n\t\t\t\t\t}<\/style>        <div id=\"eael-filter-gallery-wrapper-2fd0d64\" class=\"eael-filter-gallery-wrapper\" data-layout-mode=\"card\" data-mfp_caption=\"\" data-breakpoints=\"{&quot;mobile&quot;:{&quot;label&quot;:&quot;Mobile Portrait&quot;,&quot;value&quot;:767,&quot;default_value&quot;:767,&quot;direction&quot;:&quot;max&quot;,&quot;is_enabled&quot;:true},&quot;mobile_extra&quot;:{&quot;label&quot;:&quot;Mobile Landscape&quot;,&quot;value&quot;:880,&quot;default_value&quot;:880,&quot;direction&quot;:&quot;max&quot;,&quot;is_enabled&quot;:false},&quot;tablet&quot;:{&quot;label&quot;:&quot;Tablet Portrait&quot;,&quot;value&quot;:1024,&quot;default_value&quot;:1024,&quot;direction&quot;:&quot;max&quot;,&quot;is_enabled&quot;:true},&quot;tablet_extra&quot;:{&quot;label&quot;:&quot;Tablet Landscape&quot;,&quot;value&quot;:1200,&quot;default_value&quot;:1200,&quot;direction&quot;:&quot;max&quot;,&quot;is_enabled&quot;:false},&quot;laptop&quot;:{&quot;label&quot;:&quot;Laptop&quot;,&quot;value&quot;:1366,&quot;default_value&quot;:1366,&quot;direction&quot;:&quot;max&quot;,&quot;is_enabled&quot;:false},&quot;widescreen&quot;:{&quot;label&quot;:&quot;Widescreen&quot;,&quot;value&quot;:2400,&quot;default_value&quot;:2400,&quot;direction&quot;:&quot;min&quot;,&quot;is_enabled&quot;:false}}\" data-default_control_key=\"0\" data-custom_default_control=\"\">\n            \n                        <div class=\"eael-filter-gallery-control\">\n                <ul><li data-load-more-status=\"0\" data-first-init=\"1\" class=\"control all-control  active\" data-filter=\"*\">ALL<\/li><li  data-load-more-status=\"0\" data-first-init=\"0\" \n                        class=\"control\" data-filter=\".eael-cf-actualit\u00e9s\">News<\/li><\/ul>\n            <\/div>\n            \n            <div class=\"eael-filter-gallery-container eael-filter-gallery-grid\" data-images-per-page=\"\" data-total-gallery-items=\"6\" data-nomore-item-text=\"\" data-settings=\"{&quot;grid_style&quot;:&quot;grid&quot;,&quot;popup&quot;:&quot;buttons&quot;,&quot;duration&quot;:500,&quot;gallery_enabled&quot;:&quot;yes&quot;,&quot;control_all_text&quot;:&quot;Tout&quot;,&quot;post_id&quot;:3306,&quot;widget_id&quot;:&quot;2fd0d64&quot;}\" data-search-all=\"\" data-gallery-items=\"[&quot;\\u003Cdiv class=\\u0022eael-filterable-gallery-item-wrap eael-cf-actualit\u00e9s\\u0022\\u003E\\n\\t\\t\\t\\t\\u003Cdiv class=\\u0022eael-gallery-grid-item\\u0022\\u003E\\u003Cdiv class=\\u0022gallery-item-thumbnail-wrap\\u0022\\u003E\\u003Cimg src=\\u0022https:\\\/\\\/dev.apn.servoo.org\\\/wp-content\\\/uploads\\\/2022\\\/02\\\/ASSEMBLEE-GENERALE-CONSTITUTIVE-DU-FORUM-DES-INSTITUTIONS-DE-REGULATION-DU-CAMEROUN-FIRC.jpg\\u0022 data-lazy-src=\\u0022https:\\\/\\\/dev.apn.servoo.org\\\/wp-content\\\/uploads\\\/2022\\\/02\\\/ASSEMBLEE-GENERALE-CONSTITUTIVE-DU-FORUM-DES-INSTITUTIONS-DE-REGULATION-DU-CAMEROUN-FIRC.jpg\\u0022 alt=\\u0022ASSEMBL\u00c9E G\u00c9N\u00c9RALE CONSTITUTIVE DU FORUM DES INSTITUTIONS DE R\u00c9GULATION DU CAMEROUN (FIRC)\\u0022 class=\\u0022gallery-item-thumbnail\\u0022\\u003E\\u003Ca aria-label=\\u0022eael-magnific-video-link\\u0022 href=\\u0022https:\\\/\\\/www.youtube.com\\\/watch?v=Gk3aoap11Qk\\u0022 class=\\u0022video-popup eael-magnific-link eael-magnific-link-clone active eael-magnific-video-link mfp-iframe\\u0022\\u003E\\u003Cdiv class=\\u0022video-popup-bg\\u0022\\u003E\\u003C\\\/div\\u003E\\u003Cimg width=\\u002262\\u0022 height=\\u002262\\u0022 src=\\u0022https:\\\/\\\/www.apn.cm\\\/wp-content\\\/plugins\\\/essential-addons-for-elementor-lite\\\/assets\\\/front-end\\\/img\\\/play-icon.png\\u0022 alt=\\u0022eael-fg-video-play-icon\\u0022 \\u003E\\u003C\\\/a\\u003E\\u003C\\\/div\\u003E\\u003C\\\/a\\u003E\\u003Cdiv class=\\u0022gallery-item-caption-wrap caption-style-card \\u0022\\u003E\\u003Cdiv class=\\u0022gallery-item-caption-over\\u0022\\u003E\\u003Ch5 class=\\u0022fg-item-title\\u0022\\u003ELe nouveau top management officiellement install\u00e9 par le ministre des Transports, Jean Ernest Massena Ngall\u00e9 Bibeh\u00e9\\u003C\\\/h5\\u003E\\u003C\\\/div\\u003E\\u003C\\\/div\\u003E\\u003C\\\/div\\u003E\\u003C\\\/div\\u003E&quot;,&quot;\\u003Cdiv class=\\u0022eael-filterable-gallery-item-wrap eael-cf-actualit\u00e9s\\u0022\\u003E\\n\\t\\t\\t\\t\\u003Cdiv class=\\u0022eael-gallery-grid-item\\u0022\\u003E\\u003Cdiv class=\\u0022gallery-item-thumbnail-wrap\\u0022\\u003E\\u003Cimg src=\\u0022https:\\\/\\\/dev.apn.servoo.org\\\/wp-content\\\/uploads\\\/2023\\\/05\\\/group-apn-1-768x373-1.jpg\\u0022 data-lazy-src=\\u0022https:\\\/\\\/dev.apn.servoo.org\\\/wp-content\\\/uploads\\\/2023\\\/05\\\/group-apn-1-768x373-1.jpg\\u0022 alt=\\u0022APN_GROUP\\u0022 class=\\u0022gallery-item-thumbnail\\u0022\\u003E\\u003Ca aria-label=\\u0022eael-magnific-video-link\\u0022 href=\\u0022https:\\\/\\\/www.youtube.com\\\/watch?v=1gux3JAeYIU\\u0022 class=\\u0022video-popup eael-magnific-link eael-magnific-link-clone active eael-magnific-video-link mfp-iframe\\u0022\\u003E\\u003Cdiv class=\\u0022video-popup-bg\\u0022\\u003E\\u003C\\\/div\\u003E\\u003Cimg width=\\u002262\\u0022 height=\\u002262\\u0022 src=\\u0022https:\\\/\\\/www.apn.cm\\\/wp-content\\\/plugins\\\/essential-addons-for-elementor-lite\\\/assets\\\/front-end\\\/img\\\/play-icon.png\\u0022 alt=\\u0022eael-fg-video-play-icon\\u0022 \\u003E\\u003C\\\/a\\u003E\\u003C\\\/div\\u003E\\u003C\\\/a\\u003E\\u003Cdiv class=\\u0022gallery-item-caption-wrap caption-style-card \\u0022\\u003E\\u003Cdiv class=\\u0022gallery-item-caption-over\\u0022\\u003E\\u003Ch5 class=\\u0022fg-item-title\\u0022\\u003EVisite du Pr\u00e9sident de la R\u00e9publique \u00e0 L\\u0027Autorit\u00e9 Portuaires Nationale (APN)\\u003C\\\/h5\\u003E\\u003C\\\/div\\u003E\\u003C\\\/div\\u003E\\u003C\\\/div\\u003E\\u003C\\\/div\\u003E&quot;,&quot;\\u003Cdiv class=\\u0022eael-filterable-gallery-item-wrap\\u0022\\u003E\\n\\t\\t\\t\\t\\u003Cdiv class=\\u0022eael-gallery-grid-item\\u0022\\u003E\\u003Cdiv class=\\u0022gallery-item-thumbnail-wrap\\u0022\\u003E\\u003Cimg src=\\u0022https:\\\/\\\/www.apn.cm\\\/wp-content\\\/plugins\\\/essential-addons-for-elementor-lite\\\/\\\/assets\\\/front-end\\\/img\\\/flexia-preview.jpg\\u0022 data-lazy-src=\\u0022https:\\\/\\\/www.apn.cm\\\/wp-content\\\/plugins\\\/essential-addons-for-elementor-lite\\\/\\\/assets\\\/front-end\\\/img\\\/flexia-preview.jpg\\u0022 alt=\\u0022\\u0022 class=\\u0022gallery-item-thumbnail\\u0022\\u003E\\u003Cdiv class=\\u0022gallery-item-caption-wrap card-hover-bg caption-style-hoverer \\u0022\\u003E\\n                            \\u003Cdiv class=\\u0022gallery-item-buttons\\u0022\\u003E\\u003Ca aria-label=\\u0022eael-magnific-link\\u0022 href=\\u0022https:\\\/\\\/www.apn.cm\\\/wp-content\\\/plugins\\\/essential-addons-for-elementor-lite\\\/\\\/assets\\\/front-end\\\/img\\\/flexia-preview.jpg\\u0022 class=\\u0022eael-magnific-link eael-magnific-link-clone active\\u0022 data-elementor-open-lightbox=\\u0022no\\u0022\\u003E\\u003Cspan class=\\u0022fg-item-icon-inner\\u0022\\u003E\\u003Ci class=\\u0022fas fa-search-plus\\u0022 aria-hidden=\\u0022true\\u0022\\u003E\\u003C\\\/i\\u003E\\u003C\\\/span\\u003E\\n            \\u003C\\\/a\\u003E                \\u003Ca href=\\u0022#\\u0022 aria-label=\\u0022eael-item-maybe-link\\u0022\\u003E \\u003Cspan class=\\u0022fg-item-icon-inner\\u0022\\u003E\\u003Ci class=\\u0022fas fa-link\\u0022 aria-hidden=\\u0022true\\u0022\\u003E\\u003C\\\/i\\u003E\\u003C\\\/span\\u003E\\u003C\\\/a\\u003E\\u003C\\\/div\\u003E\\n                        \\u003C\\\/div\\u003E\\u003C\\\/div\\u003E\\u003C\\\/a\\u003E\\u003Cdiv class=\\u0022gallery-item-caption-wrap caption-style-card \\u0022\\u003E\\u003Cdiv class=\\u0022gallery-item-caption-over\\u0022\\u003E\\u003Ch5 class=\\u0022fg-item-title\\u0022\\u003EGallery Item Name\\u003C\\\/h5\\u003E\\u003Cdiv class=\\u0022fg-item-content\\u0022\\u003E\\u003Cp\\u003ELorem ipsum dolor sit amet, consectetur adipisicing elit. Quidem, provident.\\u003C\\\/p\\u003E\\n\\u003C\\\/div\\u003E\\u003C\\\/div\\u003E\\u003C\\\/div\\u003E\\u003C\\\/div\\u003E\\u003C\\\/div\\u003E&quot;,&quot;\\u003Cdiv class=\\u0022eael-filterable-gallery-item-wrap\\u0022\\u003E\\n\\t\\t\\t\\t\\u003Cdiv class=\\u0022eael-gallery-grid-item\\u0022\\u003E\\u003Cdiv class=\\u0022gallery-item-thumbnail-wrap\\u0022\\u003E\\u003Cimg src=\\u0022https:\\\/\\\/www.apn.cm\\\/wp-content\\\/plugins\\\/essential-addons-for-elementor-lite\\\/\\\/assets\\\/front-end\\\/img\\\/flexia-preview.jpg\\u0022 data-lazy-src=\\u0022https:\\\/\\\/www.apn.cm\\\/wp-content\\\/plugins\\\/essential-addons-for-elementor-lite\\\/\\\/assets\\\/front-end\\\/img\\\/flexia-preview.jpg\\u0022 alt=\\u0022\\u0022 class=\\u0022gallery-item-thumbnail\\u0022\\u003E\\u003Cdiv class=\\u0022gallery-item-caption-wrap card-hover-bg caption-style-hoverer \\u0022\\u003E\\n                            \\u003Cdiv class=\\u0022gallery-item-buttons\\u0022\\u003E\\u003Ca aria-label=\\u0022eael-magnific-link\\u0022 href=\\u0022https:\\\/\\\/www.apn.cm\\\/wp-content\\\/plugins\\\/essential-addons-for-elementor-lite\\\/\\\/assets\\\/front-end\\\/img\\\/flexia-preview.jpg\\u0022 class=\\u0022eael-magnific-link eael-magnific-link-clone active\\u0022 data-elementor-open-lightbox=\\u0022no\\u0022\\u003E\\u003Cspan class=\\u0022fg-item-icon-inner\\u0022\\u003E\\u003Ci class=\\u0022fas fa-search-plus\\u0022 aria-hidden=\\u0022true\\u0022\\u003E\\u003C\\\/i\\u003E\\u003C\\\/span\\u003E\\n            \\u003C\\\/a\\u003E                \\u003Ca href=\\u0022#\\u0022 aria-label=\\u0022eael-item-maybe-link\\u0022\\u003E \\u003Cspan class=\\u0022fg-item-icon-inner\\u0022\\u003E\\u003Ci class=\\u0022fas fa-link\\u0022 aria-hidden=\\u0022true\\u0022\\u003E\\u003C\\\/i\\u003E\\u003C\\\/span\\u003E\\u003C\\\/a\\u003E\\u003C\\\/div\\u003E\\n                        \\u003C\\\/div\\u003E\\u003C\\\/div\\u003E\\u003C\\\/a\\u003E\\u003Cdiv class=\\u0022gallery-item-caption-wrap caption-style-card \\u0022\\u003E\\u003Cdiv class=\\u0022gallery-item-caption-over\\u0022\\u003E\\u003Ch5 class=\\u0022fg-item-title\\u0022\\u003EGallery Item Name\\u003C\\\/h5\\u003E\\u003Cdiv class=\\u0022fg-item-content\\u0022\\u003E\\u003Cp\\u003ELorem ipsum dolor sit amet, consectetur adipisicing elit. Quidem, provident.\\u003C\\\/p\\u003E\\n\\u003C\\\/div\\u003E\\u003C\\\/div\\u003E\\u003C\\\/div\\u003E\\u003C\\\/div\\u003E\\u003C\\\/div\\u003E&quot;,&quot;\\u003Cdiv class=\\u0022eael-filterable-gallery-item-wrap\\u0022\\u003E\\n\\t\\t\\t\\t\\u003Cdiv class=\\u0022eael-gallery-grid-item\\u0022\\u003E\\u003Cdiv class=\\u0022gallery-item-thumbnail-wrap\\u0022\\u003E\\u003Cimg src=\\u0022https:\\\/\\\/www.apn.cm\\\/wp-content\\\/plugins\\\/essential-addons-for-elementor-lite\\\/\\\/assets\\\/front-end\\\/img\\\/flexia-preview.jpg\\u0022 data-lazy-src=\\u0022https:\\\/\\\/www.apn.cm\\\/wp-content\\\/plugins\\\/essential-addons-for-elementor-lite\\\/\\\/assets\\\/front-end\\\/img\\\/flexia-preview.jpg\\u0022 alt=\\u0022\\u0022 class=\\u0022gallery-item-thumbnail\\u0022\\u003E\\u003Cdiv class=\\u0022gallery-item-caption-wrap card-hover-bg caption-style-hoverer \\u0022\\u003E\\n                            \\u003Cdiv class=\\u0022gallery-item-buttons\\u0022\\u003E\\u003Ca aria-label=\\u0022eael-magnific-link\\u0022 href=\\u0022https:\\\/\\\/www.apn.cm\\\/wp-content\\\/plugins\\\/essential-addons-for-elementor-lite\\\/\\\/assets\\\/front-end\\\/img\\\/flexia-preview.jpg\\u0022 class=\\u0022eael-magnific-link eael-magnific-link-clone active\\u0022 data-elementor-open-lightbox=\\u0022no\\u0022\\u003E\\u003Cspan class=\\u0022fg-item-icon-inner\\u0022\\u003E\\u003Ci class=\\u0022fas fa-search-plus\\u0022 aria-hidden=\\u0022true\\u0022\\u003E\\u003C\\\/i\\u003E\\u003C\\\/span\\u003E\\n            \\u003C\\\/a\\u003E                \\u003Ca href=\\u0022#\\u0022 aria-label=\\u0022eael-item-maybe-link\\u0022\\u003E \\u003Cspan class=\\u0022fg-item-icon-inner\\u0022\\u003E\\u003Ci class=\\u0022fas fa-link\\u0022 aria-hidden=\\u0022true\\u0022\\u003E\\u003C\\\/i\\u003E\\u003C\\\/span\\u003E\\u003C\\\/a\\u003E\\u003C\\\/div\\u003E\\n                        \\u003C\\\/div\\u003E\\u003C\\\/div\\u003E\\u003C\\\/a\\u003E\\u003Cdiv class=\\u0022gallery-item-caption-wrap caption-style-card \\u0022\\u003E\\u003Cdiv class=\\u0022gallery-item-caption-over\\u0022\\u003E\\u003Ch5 class=\\u0022fg-item-title\\u0022\\u003EGallery Item Name\\u003C\\\/h5\\u003E\\u003Cdiv class=\\u0022fg-item-content\\u0022\\u003E\\u003Cp\\u003ELorem ipsum dolor sit amet, consectetur adipisicing elit. Quidem, provident.\\u003C\\\/p\\u003E\\n\\u003C\\\/div\\u003E\\u003C\\\/div\\u003E\\u003C\\\/div\\u003E\\u003C\\\/div\\u003E\\u003C\\\/div\\u003E&quot;,&quot;\\u003Cdiv class=\\u0022eael-filterable-gallery-item-wrap\\u0022\\u003E\\n\\t\\t\\t\\t\\u003Cdiv class=\\u0022eael-gallery-grid-item\\u0022\\u003E\\u003Cdiv class=\\u0022gallery-item-thumbnail-wrap\\u0022\\u003E\\u003Cimg src=\\u0022https:\\\/\\\/www.apn.cm\\\/wp-content\\\/plugins\\\/essential-addons-for-elementor-lite\\\/\\\/assets\\\/front-end\\\/img\\\/flexia-preview.jpg\\u0022 data-lazy-src=\\u0022https:\\\/\\\/www.apn.cm\\\/wp-content\\\/plugins\\\/essential-addons-for-elementor-lite\\\/\\\/assets\\\/front-end\\\/img\\\/flexia-preview.jpg\\u0022 alt=\\u0022\\u0022 class=\\u0022gallery-item-thumbnail\\u0022\\u003E\\u003Cdiv class=\\u0022gallery-item-caption-wrap card-hover-bg caption-style-hoverer \\u0022\\u003E\\n                            \\u003Cdiv class=\\u0022gallery-item-buttons\\u0022\\u003E\\u003Ca aria-label=\\u0022eael-magnific-link\\u0022 href=\\u0022https:\\\/\\\/www.apn.cm\\\/wp-content\\\/plugins\\\/essential-addons-for-elementor-lite\\\/\\\/assets\\\/front-end\\\/img\\\/flexia-preview.jpg\\u0022 class=\\u0022eael-magnific-link eael-magnific-link-clone active\\u0022 data-elementor-open-lightbox=\\u0022no\\u0022\\u003E\\u003Cspan class=\\u0022fg-item-icon-inner\\u0022\\u003E\\u003Ci class=\\u0022fas fa-search-plus\\u0022 aria-hidden=\\u0022true\\u0022\\u003E\\u003C\\\/i\\u003E\\u003C\\\/span\\u003E\\n            \\u003C\\\/a\\u003E                \\u003Ca href=\\u0022#\\u0022 aria-label=\\u0022eael-item-maybe-link\\u0022\\u003E \\u003Cspan class=\\u0022fg-item-icon-inner\\u0022\\u003E\\u003Ci class=\\u0022fas fa-link\\u0022 aria-hidden=\\u0022true\\u0022\\u003E\\u003C\\\/i\\u003E\\u003C\\\/span\\u003E\\u003C\\\/a\\u003E\\u003C\\\/div\\u003E\\n                        \\u003C\\\/div\\u003E\\u003C\\\/div\\u003E\\u003C\\\/a\\u003E\\u003Cdiv class=\\u0022gallery-item-caption-wrap caption-style-card \\u0022\\u003E\\u003Cdiv class=\\u0022gallery-item-caption-over\\u0022\\u003E\\u003Ch5 class=\\u0022fg-item-title\\u0022\\u003EGallery Item Name\\u003C\\\/h5\\u003E\\u003Cdiv class=\\u0022fg-item-content\\u0022\\u003E\\u003Cp\\u003ELorem ipsum dolor sit amet, consectetur adipisicing elit. Quidem, provident.\\u003C\\\/p\\u003E\\n\\u003C\\\/div\\u003E\\u003C\\\/div\\u003E\\u003C\\\/div\\u003E\\u003C\\\/div\\u003E\\u003C\\\/div\\u003E&quot;]\" data-init-show=\"2\">\n                <div class=\"eael-filterable-gallery-item-wrap eael-cf-actualit\u00e9s\">\n\t\t\t\t<div class=\"eael-gallery-grid-item\"><div class=\"gallery-item-thumbnail-wrap\"><img decoding=\"async\" src=\"https:\/\/dev.apn.servoo.org\/wp-content\/uploads\/2022\/02\/ASSEMBLEE-GENERALE-CONSTITUTIVE-DU-FORUM-DES-INSTITUTIONS-DE-REGULATION-DU-CAMEROUN-FIRC.jpg\" data-lazy-src=\"https:\/\/dev.apn.servoo.org\/wp-content\/uploads\/2022\/02\/ASSEMBLEE-GENERALE-CONSTITUTIVE-DU-FORUM-DES-INSTITUTIONS-DE-REGULATION-DU-CAMEROUN-FIRC.jpg\" alt=\"ASSEMBL\u00c9E G\u00c9N\u00c9RALE CONSTITUTIVE DU FORUM DES INSTITUTIONS DE R\u00c9GULATION DU CAMEROUN (FIRC)\" class=\"gallery-item-thumbnail\"><a aria-label=\"eael-magnific-video-link\" href=\"https:\/\/www.youtube.com\/watch?v=Gk3aoap11Qk\" class=\"video-popup eael-magnific-link eael-magnific-link-clone active eael-magnific-video-link mfp-iframe\" target=\"_blank\" rel=\"noopener\"><div class=\"video-popup-bg\"><\/div><img decoding=\"async\" width=\"62\" height=\"62\" src=\"https:\/\/www.apn.cm\/wp-content\/plugins\/essential-addons-for-elementor-lite\/assets\/front-end\/img\/play-icon.png\" alt=\"eael-fg-video-play-icon\" ><\/a><\/div><\/a><div class=\"gallery-item-caption-wrap caption-style-card\"><div class=\"gallery-item-caption-over\"><h5 class=\"fg-item-title\">New top management officially installed by Minister of Transport Jean Ernest Massena Ngall\u00e9 Bibeh\u00e9<\/h5><\/div><\/div><\/div><\/div><div class=\"eael-filterable-gallery-item-wrap eael-cf-actualit\u00e9s\">\n\t\t\t\t<div class=\"eael-gallery-grid-item\"><div class=\"gallery-item-thumbnail-wrap\"><img decoding=\"async\" src=\"https:\/\/dev.apn.servoo.org\/wp-content\/uploads\/2023\/05\/group-apn-1-768x373-1.jpg\" data-lazy-src=\"https:\/\/dev.apn.servoo.org\/wp-content\/uploads\/2023\/05\/group-apn-1-768x373-1.jpg\" alt=\"APN_GROUP\" class=\"gallery-item-thumbnail\"><a aria-label=\"eael-magnific-video-link\" href=\"https:\/\/www.youtube.com\/watch?v=1gux3JAeYIU\" class=\"video-popup eael-magnific-link eael-magnific-link-clone active eael-magnific-video-link mfp-iframe\" target=\"_blank\" rel=\"noopener\"><div class=\"video-popup-bg\"><\/div><img decoding=\"async\" width=\"62\" height=\"62\" src=\"https:\/\/www.apn.cm\/wp-content\/plugins\/essential-addons-for-elementor-lite\/assets\/front-end\/img\/play-icon.png\" alt=\"eael-fg-video-play-icon\" ><\/a><\/div><\/a><div class=\"gallery-item-caption-wrap caption-style-card\"><div class=\"gallery-item-caption-over\"><h5 class=\"fg-item-title\">Visit of the President of the Republic to the National Port Authority (APN)<\/h5><\/div><\/div><\/div><\/div>            <\/div>\n            \n                    <\/div>\n        \n        \t\t<\/div>\n\t\t\t\t<\/div>\n\t\t\t\t\t<\/div>\n\t\t<\/div>\n\t\t\t\t\t\t\t<\/div>\n\t\t<\/section>\n\t\t\t\t<section data-marvy_enable_drop_animation=\"false\" data-marvy_enable_fancy_rotate=\"false\" data-marvy_enable_flying_object=\"false\" data-marvy_enable_ripples_animation=\"false\" data-marvy_enable_waves_animation=\"false\" data-marvy_enable_rings_animation=\"false\" data-marvy_enable_topology_animation=\"false\" data-marvy_enable_gradient_animation=\"false\" data-marvy_enable_snow_animation=\"false\" data-marvy_enable_firework_animation=\"false\" data-marvy_enable_cloud_animation=\"false\" class=\"elementor-section elementor-top-section elementor-element elementor-element-e6ee721 elementor-section-stretched elementor-section-boxed elementor-section-height-default elementor-section-height-default\" data-id=\"e6ee721\" data-element_type=\"section\" data-settings=\"{&quot;stretch_section&quot;:&quot;section-stretched&quot;}\">\n\t\t\t\t\t\t<div class=\"elementor-container elementor-column-gap-default\">\n\t\t\t\t\t<div class=\"elementor-column elementor-col-100 elementor-top-column elementor-element elementor-element-afa39d9\" data-id=\"afa39d9\" data-element_type=\"column\">\n\t\t\t<div class=\"elementor-widget-wrap elementor-element-populated\">\n\t\t\t\t\t\t\t\t<div class=\"elementor-element elementor-element-877527b elementor-widget__width-initial elementor-widget elementor-widget-video\" data-id=\"877527b\" data-element_type=\"widget\" data-settings=\"{&quot;youtube_url&quot;:&quot;https:\\\/\\\/www.apn.cm\\\/wp-content\\\/uploads\\\/2026\\\/03\\\/WhatsApp-Video-2026-03-06-at-10.05.37.mp4&quot;,&quot;video_type&quot;:&quot;youtube&quot;,&quot;controls&quot;:&quot;yes&quot;}\" data-widget_type=\"video.default\">\n\t\t\t\t<div class=\"elementor-widget-container\">\n\t\t\t<style>\/*! elementor - v3.15.0 - 09-08-2023 *\/\n.elementor-widget-video .elementor-widget-container{overflow:hidden;transform:translateZ(0)}.elementor-widget-video .elementor-wrapper{aspect-ratio:var(--video-aspect-ratio)}.elementor-widget-video .elementor-wrapper iframe,.elementor-widget-video .elementor-wrapper video{height:100%;width:100%;display:flex;border:none;background-color:#000}@supports not (aspect-ratio:1\/1){.elementor-widget-video .elementor-wrapper{position:relative;overflow:hidden;height:0;padding-bottom:calc(100% \/ var(--video-aspect-ratio))}.elementor-widget-video .elementor-wrapper iframe,.elementor-widget-video .elementor-wrapper video{position:absolute;top:0;right:0;bottom:0;left:0}}.elementor-widget-video .elementor-open-inline .elementor-custom-embed-image-overlay{position:absolute;top:0;right:0;bottom:0;left:0;background-size:cover;background-position:50%}.elementor-widget-video .elementor-custom-embed-image-overlay{cursor:pointer;text-align:center}.elementor-widget-video .elementor-custom-embed-image-overlay:hover .elementor-custom-embed-play i{opacity:1}.elementor-widget-video .elementor-custom-embed-image-overlay img{display:block;width:100%;aspect-ratio:var(--video-aspect-ratio);-o-object-fit:cover;object-fit:cover;-o-object-position:center center;object-position:center center}@supports not (aspect-ratio:1\/1){.elementor-widget-video .elementor-custom-embed-image-overlay{position:relative;overflow:hidden;height:0;padding-bottom:calc(100% \/ var(--video-aspect-ratio))}.elementor-widget-video .elementor-custom-embed-image-overlay img{position:absolute;top:0;right:0;bottom:0;left:0}}.elementor-widget-video .e-hosted-video .elementor-video{-o-object-fit:cover;object-fit:cover}.e-con-inner>.elementor-widget-video,.e-con>.elementor-widget-video{width:var(--container-widget-width);--flex-grow:var(--container-widget-flex-grow)}<\/style>\t\t<div class=\"elementor-wrapper elementor-open-inline\">\n\t\t\t<div class=\"elementor-video\"><\/div>\t\t<\/div>\n\t\t\t\t<\/div>\n\t\t\t\t<\/div>\n\t\t\t\t\t<\/div>\n\t\t<\/div>\n\t\t\t\t\t\t\t<\/div>\n\t\t<\/section>\n\t\t\t\t\t\t\t<\/div>","protected":false},"excerpt":{"rendered":"<p>Tout Actualit\u00e9s Le nouveau top management officiellement install\u00e9 par le ministre des Transports, Jean Ernest Massena Ngall\u00e9 Bibeh\u00e9 Visite du Pr\u00e9sident de la R\u00e9publique \u00e0 L&#8217;Autorit\u00e9 Portuaires Nationale (APN) https:\/\/www.apn.cm\/wp-content\/uploads\/2026\/03\/WhatsApp-Video-2026-03-06-at-10.05.37.mp4<\/p>","protected":false},"author":1,"featured_media":0,"parent":0,"menu_order":0,"comment_status":"closed","ping_status":"closed","template":"","meta":{"_mi_skip_tracking":false,"_monsterinsights_sitenote_active":false,"_monsterinsights_sitenote_note":"","_monsterinsights_sitenote_category":0,"footnotes":""},"class_list":["post-3306","page","type-page","status-publish","hentry"],"acf":[],"_links":{"self":[{"href":"https:\/\/www.apn.cm\/en\/wp-json\/wp\/v2\/pages\/3306","targetHints":{"allow":["GET"]}}],"collection":[{"href":"https:\/\/www.apn.cm\/en\/wp-json\/wp\/v2\/pages"}],"about":[{"href":"https:\/\/www.apn.cm\/en\/wp-json\/wp\/v2\/types\/page"}],"author":[{"embeddable":true,"href":"https:\/\/www.apn.cm\/en\/wp-json\/wp\/v2\/users\/1"}],"replies":[{"embeddable":true,"href":"https:\/\/www.apn.cm\/en\/wp-json\/wp\/v2\/comments?post=3306"}],"version-history":[{"count":4,"href":"https:\/\/www.apn.cm\/en\/wp-json\/wp\/v2\/pages\/3306\/revisions"}],"predecessor-version":[{"id":6352,"href":"https:\/\/www.apn.cm\/en\/wp-json\/wp\/v2\/pages\/3306\/revisions\/6352"}],"wp:attachment":[{"href":"https:\/\/www.apn.cm\/en\/wp-json\/wp\/v2\/media?parent=3306"}],"curies":[{"name":"wp","href":"https:\/\/api.w.org\/{rel}","templated":true}]}}